{"id":64,"date":"2013-03-19T11:10:54","date_gmt":"2013-03-19T10:10:54","guid":{"rendered":"https:\/\/www.tenutadiaglaea.com\/?page_id=64"},"modified":"2020-05-06T17:03:06","modified_gmt":"2020-05-06T15:03:06","slug":"weinberge","status":"publish","type":"page","link":"https:\/\/www.tenutadiaglaea.com\/de\/weinberge\/","title":{"rendered":"Weinberge"},"content":{"rendered":"<h3>Die Reben und die Weinberge<\/h3>\n<p>Die Weinberge bestehen aus <strong>einem absolut einzigartigen Terroir<\/strong> &#8211; direkte Auswirkung der zahlreichen Ausbr\u00fcche des \u00c4tnas, die seit mehr als einer halben Million von Jahren aufeinander folgen, n\u00e4mlich seitdem der Vulkan aktiv wurde. Die Lavastr\u00f6me erstarrten, Schicht um Schicht, bedeckt von Asche, die sich darauf ansammelte. Das Resultat ist heute ein sehr por\u00f6ser Boden, reich an Mineralien und extrem fruchtbar. Die Weinberge erstrecken sich auf Terrassen, die von antiken trocken gemauerten Mauern gest\u00fctzt und unterteilt werden, 90 bis 120 cm hoch.<\/p>\n<p>&nbsp;<\/p>\n<p><strong>Die Weinberge liegen <\/strong>am Nordhang des \u00c4tnas auf einer H\u00f6he von 700-800 m \u00fc.d.M., das Klima ist hier ziemlich frisch, aber optimal sonnig und sie empfangen das vom Meer und den umliegenden Bergen mit hohem Kreideanteil reflektierte Licht. Alle Anpflanzungen der Weinberge sind Nerello Mascalese und das Erziehungssystem ist &#8222;Alberello&#8220;. Die Pflanzdichte betr\u00e4gt ca. 8.000 St\u00f6cke pro Hektar mit einem sehr geringen Ertrag: 0,75 kg Trauben pro Pflanze.<\/p>\n<p>&nbsp;<\/p>\n<h3>Sechs einzigartige Lagen<\/h3>\n<p>Das winzige und ausgezeichnete Territoire\u201a Bocca d\u2019Orzo\u2019,&nbsp;Chiusa Politi und Montelaguardia&nbsp;liegten in Region Randazzo und&nbsp;in der Region Passopisciaro die&nbsp;Passo Cannone und Santo Spirito. Weiter n\u00f6rlich liegt Nave. Alle gemeinsam bilden diese sechs&nbsp;besonderen Weinberge ein Anbaugebiet von 3,5&nbsp;ha, die der Produktion f\u00fcr&nbsp;meine Weine.<\/p>\n<p>&nbsp;<\/p>\n<p><strong>Passo Cannone<\/strong> (1ha)<\/p>\n<p><strong>Santo Spirito<\/strong> (0,5ha)<\/p>\n<p><strong>Bocca d\u2019Orzo o Piano d\u2019Aria<\/strong> (0,3ha)<\/p>\n<p><strong>Chiusa Politi <\/strong>(0,25ha)<\/p>\n<p><strong>Chiusa Monica_Montelaguardia<\/strong> (1ha)<\/p>\n<p><strong>Nave<\/strong> (0,58ha)<\/p>\n","protected":false},"excerpt":{"rendered":"<p>Die Reben und die Weinberge Die Weinberge bestehen aus einem absolut einzigartigen Terroir &#8211; direkte Auswirkung der zahlreichen Ausbr\u00fcche des \u00c4tnas, die seit mehr als einer halben Million von Jahren aufeinander folgen, n\u00e4mlich seitdem der Vulkan aktiv wurde. Die Lavastr\u00f6me erstarrten, Schicht um Schicht, bedeckt von Asche, die sich darauf ansammelte. Das Resultat ist heute [&hellip;]<\/p>\n","protected":false},"author":3,"featured_media":153,"parent":0,"menu_order":0,"comment_status":"open","ping_status":"closed","template":"page-templates\/full-width.php","meta":[],"_links":{"self":[{"href":"https:\/\/www.tenutadiaglaea.com\/de\/wp-json\/wp\/v2\/pages\/64"}],"collection":[{"href":"https:\/\/www.tenutadiaglaea.com\/de\/wp-json\/wp\/v2\/pages"}],"about":[{"href":"https:\/\/www.tenutadiaglaea.com\/de\/wp-json\/wp\/v2\/types\/page"}],"author":[{"embeddable":true,"href":"https:\/\/www.tenutadiaglaea.com\/de\/wp-json\/wp\/v2\/users\/3"}],"replies":[{"embeddable":true,"href":"https:\/\/www.tenutadiaglaea.com\/de\/wp-json\/wp\/v2\/comments?post=64"}],"version-history":[{"count":12,"href":"https:\/\/www.tenutadiaglaea.com\/de\/wp-json\/wp\/v2\/pages\/64\/revisions"}],"predecessor-version":[{"id":1108,"href":"https:\/\/www.tenutadiaglaea.com\/de\/wp-json\/wp\/v2\/pages\/64\/revisions\/1108"}],"wp:featuredmedia":[{"embeddable":true,"href":"https:\/\/www.tenutadiaglaea.com\/de\/wp-json\/wp\/v2\/media\/153"}],"wp:attachment":[{"href":"https:\/\/www.tenutadiaglaea.com\/de\/wp-json\/wp\/v2\/media?parent=64"}],"curies":[{"name":"wp","href":"https:\/\/api.w.org\/{rel}","templated":true}]}}