{"id":45,"date":"2013-03-19T11:04:12","date_gmt":"2013-03-19T10:04:12","guid":{"rendered":"https:\/\/www.tenutadiaglaea.com\/?page_id=45"},"modified":"2016-04-26T11:11:47","modified_gmt":"2016-04-26T09:11:47","slug":"uber-uns","status":"publish","type":"page","link":"https:\/\/www.tenutadiaglaea.com\/de\/uber-uns\/","title":{"rendered":"\u00dcber uns"},"content":{"rendered":"<h3>Meine&nbsp;Boten vom \u00c4tna&#8230;<\/h3>\n<p>Aglaea &#8211; die j\u00fcngste der drei Grazien oder Chariten, so wurden die drei Schwestern und T\u00f6chter des Zeus genannt &#8211; war die G\u00f6ttin der Sch\u00f6nheit, der Herrlichkeit, der Pracht und der Zierde. Manchmal fungierte sie als Botin von Aphrodite, der Liebesg\u00f6ttin.<\/p>\n<p>&nbsp;<\/p>\n<p>Aglaea repr\u00e4sentiert alle&nbsp;meine Gef\u00fchle f\u00fcr den \u00c4tna, alles das was&nbsp;meine Weine ausdr\u00fccken wollen und auf welche Art und Weise sie dies tun. In diesem Sinne sind&nbsp;meine Weine &#8211; die Weine von Tenuta di Aglaea &#8211; Boten vom \u00c4tna.<\/p>\n<p>&nbsp;<\/p>\n<p>Anne-Louise Mikkelsen<\/p>\n<p><img loading=\"lazy\" alt=\"firma_anne-louis-mikkelsen\" class=\"alignleft size-full wp-image-929\" height=\"65\" src=\"https:\/\/www.tenutadiaglaea.com\/wp-content\/uploads\/2013\/03\/firma_anne-louis-mikkelsen.gif\" width=\"200\" \/><\/p>\n","protected":false},"excerpt":{"rendered":"<p>Meine&nbsp;Boten vom \u00c4tna&#8230; Aglaea &#8211; die j\u00fcngste der drei Grazien oder Chariten, so wurden die drei Schwestern und T\u00f6chter des Zeus genannt &#8211; war die G\u00f6ttin der Sch\u00f6nheit, der Herrlichkeit, der Pracht und der Zierde. Manchmal fungierte sie als Botin von Aphrodite, der Liebesg\u00f6ttin. &nbsp; Aglaea repr\u00e4sentiert alle&nbsp;meine Gef\u00fchle f\u00fcr den \u00c4tna, alles das was&nbsp;meine [&hellip;]<\/p>\n","protected":false},"author":3,"featured_media":152,"parent":0,"menu_order":0,"comment_status":"open","ping_status":"open","template":"","meta":[],"_links":{"self":[{"href":"https:\/\/www.tenutadiaglaea.com\/de\/wp-json\/wp\/v2\/pages\/45"}],"collection":[{"href":"https:\/\/www.tenutadiaglaea.com\/de\/wp-json\/wp\/v2\/pages"}],"about":[{"href":"https:\/\/www.tenutadiaglaea.com\/de\/wp-json\/wp\/v2\/types\/page"}],"author":[{"embeddable":true,"href":"https:\/\/www.tenutadiaglaea.com\/de\/wp-json\/wp\/v2\/users\/3"}],"replies":[{"embeddable":true,"href":"https:\/\/www.tenutadiaglaea.com\/de\/wp-json\/wp\/v2\/comments?post=45"}],"version-history":[{"count":13,"href":"https:\/\/www.tenutadiaglaea.com\/de\/wp-json\/wp\/v2\/pages\/45\/revisions"}],"predecessor-version":[{"id":932,"href":"https:\/\/www.tenutadiaglaea.com\/de\/wp-json\/wp\/v2\/pages\/45\/revisions\/932"}],"wp:featuredmedia":[{"embeddable":true,"href":"https:\/\/www.tenutadiaglaea.com\/de\/wp-json\/wp\/v2\/media\/152"}],"wp:attachment":[{"href":"https:\/\/www.tenutadiaglaea.com\/de\/wp-json\/wp\/v2\/media?parent=45"}],"curies":[{"name":"wp","href":"https:\/\/api.w.org\/{rel}","templated":true}]}}