{"id":299,"date":"2013-03-30T11:11:22","date_gmt":"2013-03-30T10:11:22","guid":{"rendered":"https:\/\/www.tenutadiaglaea.com\/?page_id=299"},"modified":"2022-06-06T10:59:50","modified_gmt":"2022-06-06T08:59:50","slug":"biologisch-aus-ueberzeugung","status":"publish","type":"page","link":"https:\/\/www.tenutadiaglaea.com\/de\/uber-uns\/biologisch-aus-ueberzeugung\/","title":{"rendered":"Biologisch aus \u00dcberzeugung"},"content":{"rendered":"<p>Ab 2018 habe ich meinen Betrieb biologisch gef\u00fchrt, um die offizielle Bio Zertifizierung zu erhalten.<\/p>\n<p>Die Bio Anerkennung wurde bereits im Januar 2019 erteilt. Zahlreiche Tests und Kontrollen von \u00fcber einem Jahr best\u00e4tigten die organische Arbeitsweise, welche \u00fcbrigens seit \u00fcber einem Jahrzehnt bereits so praktiziert wurde.<\/p>\n<p>&nbsp;<\/p>\n<p><strong>Nachhaltigkeit<\/strong><\/p>\n<p>&nbsp;<\/p>\n<p>Dar\u00fcberhinaus verbessern wir kontinuierlich, woimmer m\u00f6glich, unsere verschiedenen Prozesse zur Abfallreduktion oder \u2013vermeidung sowie im Bereich des Recyclings. Wir verwenden, wenn m\u00f6glich, 100% biologisch abbaubare Schn\u00fcre zur Befestigung der Reben. Wir finden neue M\u00f6glichkeiten zur Verwendung von \u00fcbrig gebliebenen Etiketten. Unsere Lieferanten sind alle ISO oder Bio-zertifiziert. Wir lagern nur volle Palletten und kaufen gebrauchte Palletten ein. Nicht mehr gebrauchte Euro-Palletten schicken wir einem unserer Lieferanten zur\u00fcck, damit sie wieder verwendet, anstatt zerst\u00fcckelt und verbrannt werden. Wann immer wir einen Beitrag zur Nachhaltigkeit leisten k\u00f6nnen, tun wir dies.<\/p>\n<p>&nbsp;<\/p>\n<p><a href=\"https:\/\/www.bioagricert.org\" target=\"_blank\" rel=\"noopener\"><img loading=\"lazy\" alt=\"\" class=\"alignleft size-full wp-image-1113\" height=\"26\" src=\"https:\/\/www.tenutadiaglaea.com\/wp-content\/uploads\/2020\/05\/bioagricert-organismo-controllo-certificazione.png\" width=\"150\" \/><\/a><\/p>\n","protected":false},"excerpt":{"rendered":"<p>Ab 2018 habe ich meinen Betrieb biologisch gef\u00fchrt, um die offizielle Bio Zertifizierung zu erhalten. Die Bio Anerkennung wurde bereits im Januar 2019 erteilt. Zahlreiche Tests und Kontrollen von \u00fcber einem Jahr best\u00e4tigten die organische Arbeitsweise, welche \u00fcbrigens seit \u00fcber einem Jahrzehnt bereits so praktiziert wurde. &nbsp; Nachhaltigkeit &nbsp; Dar\u00fcberhinaus verbessern wir kontinuierlich, woimmer m\u00f6glich, [&hellip;]<\/p>\n","protected":false},"author":3,"featured_media":1176,"parent":45,"menu_order":20,"comment_status":"open","ping_status":"closed","template":"","meta":[],"_links":{"self":[{"href":"https:\/\/www.tenutadiaglaea.com\/de\/wp-json\/wp\/v2\/pages\/299"}],"collection":[{"href":"https:\/\/www.tenutadiaglaea.com\/de\/wp-json\/wp\/v2\/pages"}],"about":[{"href":"https:\/\/www.tenutadiaglaea.com\/de\/wp-json\/wp\/v2\/types\/page"}],"author":[{"embeddable":true,"href":"https:\/\/www.tenutadiaglaea.com\/de\/wp-json\/wp\/v2\/users\/3"}],"replies":[{"embeddable":true,"href":"https:\/\/www.tenutadiaglaea.com\/de\/wp-json\/wp\/v2\/comments?post=299"}],"version-history":[{"count":7,"href":"https:\/\/www.tenutadiaglaea.com\/de\/wp-json\/wp\/v2\/pages\/299\/revisions"}],"predecessor-version":[{"id":1577,"href":"https:\/\/www.tenutadiaglaea.com\/de\/wp-json\/wp\/v2\/pages\/299\/revisions\/1577"}],"up":[{"embeddable":true,"href":"https:\/\/www.tenutadiaglaea.com\/de\/wp-json\/wp\/v2\/pages\/45"}],"wp:featuredmedia":[{"embeddable":true,"href":"https:\/\/www.tenutadiaglaea.com\/de\/wp-json\/wp\/v2\/media\/1176"}],"wp:attachment":[{"href":"https:\/\/www.tenutadiaglaea.com\/de\/wp-json\/wp\/v2\/media?parent=299"}],"curies":[{"name":"wp","href":"https:\/\/api.w.org\/{rel}","templated":true}]}}