{"id":1543,"date":"2022-02-22T15:54:11","date_gmt":"2022-02-22T14:54:11","guid":{"rendered":"https:\/\/www.tenutadiaglaea.com\/?page_id=1543"},"modified":"2022-02-22T15:54:11","modified_gmt":"2022-02-22T14:54:11","slug":"grappa-di-nerello-mascalese","status":"publish","type":"page","link":"https:\/\/www.tenutadiaglaea.com\/de\/weine\/grappa-di-nerello-mascalese\/","title":{"rendered":"GRAPPA di NERELLO MASCALESE"},"content":{"rendered":"<p>Der Grappa hat eine perfekte, helle und transparente Farbe.<\/p>\n<p><u>Geruchsempfindungen:<\/u> trockene Pflaume, Wildblumen und ein Hauch von Jasmin.<\/p>\n<p><u>Geschmacksempfindungen:<\/u> Birne und getrocknete Weintrauben im Vordergrund der Palette. In der Mitte des Gaumens entfaltet er ein breiteres Spektrum mit gr\u00fcnen, scharfen Gew\u00fcrzen und Kr\u00e4utern und bleibt mit einem langen, warmen Nachgeschmack zur\u00fcck.<\/p>\n<p>&nbsp;<\/p>\n<h3>Technische Daten<\/h3>\n<div class=\"listbox\">\n<ul>\n<li><span>Trauben<\/span>\n<p>Bio Nerello Mascalese<\/p>\n<\/li>\n<li><span>Lage der Weinberge<\/span>\n<p>Nordhang des \u00c4tna, SIZILIEN<\/p>\n<\/li>\n<li><span>Herstellungsverfahren<\/span>\n<p>Die frisch gepressten Schalen, Stiele und Kerne der Trauben, die in den DOC ETNA-Weinbergen von Passopisciaro und Randazzo auf einer H\u00f6he von 800 bis 1.000 m \u00fcber dem Meeresspiegel angebaut werden, wurden sofort gepresst, um den Sauerstoffgehalt zu reduzieren und alle Aromen zu erhalten.<\/p>\n<\/li>\n<li>\n<p>Die gepressten Schalen, Stiele und Kerne wurden in Teilen (jeweils 450 kg) in den Destillierapparat gegeben und sehr langsam auf eine Temperatur von ca. 76\u00b0 f\u00fcr die alkoholische Verdampfung gebracht. Der &#8222;Schwanz&#8220; und der &#8222;Kopf&#8220; der Destillation wurden entfernt, w\u00e4hrend der mittlere Teil 7 Monate lang in Edelstahltanks reifte. Anschlie\u00dfend wurde er mit Bergwasser verd\u00fcnnt, um einen Alkoholgehalt von 45,5% Vol. zu erreichen.<\/p>\n<\/li>\n<li><span>Brennerei-Typ<\/span>\n<p>Holzbefeuerte Kupferbrennblase mit offener Flamme<\/p>\n<\/li>\n<li><span>Reifungsprozess<\/span>\n<p>7 Monate lang in Stahltanks gereift<\/p>\n<\/li>\n<li><span>Alkoholgehalt<\/span>\n<p>45,50%<\/p>\n<\/li>\n<li><span>Gesamte Produktion<\/span>\n<p>318 Flaschen 0,5l.<\/p>\n<\/li>\n<li><span>Brennerei<\/span>\n<p>Die alte Familienbrennerei Distilleria Giovi in Valdina (ME)<br \/>\nChefbrenner: Giovanni la Fauci<\/p>\n<\/li>\n<\/ul>\n<\/div>\n<p><span class=\"clear\">&nbsp;<\/span><\/p>\n<h4><strong>Grappa-Speise-Kombination<\/strong><\/h4>\n<p>Der Grappa ist ein hervorragender Digestif nach dem Mittag- oder zum Abendessen. Um dem Ganzen eine besondere Note zu verleihen, sollte man ein St\u00fcck dunkle Schokolade oder eine reife rote Kirsche dazu reichen. In jedem Fall ist er ein hervorragender Digestif zum Abschluss eines guten Essens. Genie\u00dfen Sie ihn!<\/p>\n","protected":false},"excerpt":{"rendered":"<p>Der Grappa hat eine perfekte, helle und transparente Farbe. Geruchsempfindungen: trockene Pflaume, Wildblumen und ein Hauch von Jasmin. Geschmacksempfindungen: Birne und getrocknete Weintrauben im Vordergrund der Palette. In der Mitte des Gaumens entfaltet er ein breiteres Spektrum mit gr\u00fcnen, scharfen Gew\u00fcrzen und Kr\u00e4utern und bleibt mit einem langen, warmen Nachgeschmack zur\u00fcck. &nbsp; Technische Daten Trauben [&hellip;]<\/p>\n","protected":false},"author":3,"featured_media":0,"parent":67,"menu_order":70,"comment_status":"closed","ping_status":"closed","template":"schede-prodotti.php","meta":[],"_links":{"self":[{"href":"https:\/\/www.tenutadiaglaea.com\/de\/wp-json\/wp\/v2\/pages\/1543"}],"collection":[{"href":"https:\/\/www.tenutadiaglaea.com\/de\/wp-json\/wp\/v2\/pages"}],"about":[{"href":"https:\/\/www.tenutadiaglaea.com\/de\/wp-json\/wp\/v2\/types\/page"}],"author":[{"embeddable":true,"href":"https:\/\/www.tenutadiaglaea.com\/de\/wp-json\/wp\/v2\/users\/3"}],"replies":[{"embeddable":true,"href":"https:\/\/www.tenutadiaglaea.com\/de\/wp-json\/wp\/v2\/comments?post=1543"}],"version-history":[{"count":2,"href":"https:\/\/www.tenutadiaglaea.com\/de\/wp-json\/wp\/v2\/pages\/1543\/revisions"}],"predecessor-version":[{"id":1555,"href":"https:\/\/www.tenutadiaglaea.com\/de\/wp-json\/wp\/v2\/pages\/1543\/revisions\/1555"}],"up":[{"embeddable":true,"href":"https:\/\/www.tenutadiaglaea.com\/de\/wp-json\/wp\/v2\/pages\/67"}],"wp:attachment":[{"href":"https:\/\/www.tenutadiaglaea.com\/de\/wp-json\/wp\/v2\/media?parent=1543"}],"curies":[{"name":"wp","href":"https:\/\/api.w.org\/{rel}","templated":true}]}}