{"id":1482,"date":"2022-02-18T12:23:02","date_gmt":"2022-02-18T11:23:02","guid":{"rendered":"https:\/\/www.tenutadiaglaea.com\/?page_id=1482"},"modified":"2022-02-18T12:23:02","modified_gmt":"2022-02-18T11:23:02","slug":"aglaea-wermut","status":"publish","type":"page","link":"https:\/\/www.tenutadiaglaea.com\/de\/weine\/aglaea-wermut\/","title":{"rendered":"AGLAEA WERMUT"},"content":{"rendered":"<p><img loading=\"lazy\" alt=\"\" class=\"alignright size-medium wp-image-1486\" height=\"300\" src=\"https:\/\/www.tenutadiaglaea.com\/wp-content\/uploads\/2022\/02\/Vermouth_Tre_thmb-231x300.jpg\" width=\"231\" srcset=\"https:\/\/www.tenutadiaglaea.com\/wp-content\/uploads\/2022\/02\/Vermouth_Tre_thmb-231x300.jpg 231w, https:\/\/www.tenutadiaglaea.com\/wp-content\/uploads\/2022\/02\/Vermouth_Tre_thmb.jpg 600w\" sizes=\"(max-width: 231px) 100vw, 231px\" \/><strong><em>Limitierte Auflage<\/em><\/strong><\/p>\n<p><em>Kleine Charge aus sorgf\u00e4ltig ausgew\u00e4hltem Aglaea-Wein<\/em><\/p>\n<p>&nbsp;<\/p>\n<p>&#8211; Hergestellt ausschliesslich mit Wein der Tenuta di Aglaea<\/p>\n<p>&#8211; Nur nat\u00fcrliche Aromen<\/p>\n<p>&#8211; Grossartig in Cocktails<\/p>\n<p>&#8211; Exquisit f\u00fcr sich allein<\/p>\n<p>&nbsp;<\/p>\n<h3><strong>Wenn das Sch\u00fctteln von Cocktails eine Frage des Stolzes ist!<\/strong><\/h3>\n<p>&nbsp;<\/p>\n<p><strong>AGLAEA VERMOUTH DRY:<\/strong> Helles Holunderbl\u00fctengelb im Glas. Bet\u00f6rende Ingwernoten &#8211; ein Hauch von Akazie und Muskat und frisch geschnittenes Gras stimulieren die Geruchssinne beim ersten Riechen. Am Gaumen dominieren Noten von Grapefruit, Zitronenschalen, Akazienhonig und Kr\u00e4uternoten. Eine ausgewogene Kombination aus Lorbeer, Rosmarin und Zitrusfr\u00fcchten bildet einen perfekten Abschluss.<\/p>\n<p>&nbsp;<\/p>\n<p><strong>AGLAEA VERMOUTH BIANCO:<\/strong> Akazie hellgelb im Glas. In der Nase duftet er nach Lorbeer, Holunderbl\u00fcten und einem Hauch von Orangenschalen und Safran. Am Gaumen spielen s\u00fc\u00dfe Zitrusfr\u00fcchte das gro\u00dfe Orchester zusammen mit w\u00fcrzigen Noten von Kreuzk\u00fcmmel und Kurkuma sowie Ankl\u00e4ngen von Fenchel und Kardamom. Ein ausgezeichneter, reinigender Hauch von Limette rundet das Ganze perfekt ab.<\/p>\n<p>&nbsp;<\/p>\n<p><strong>AGLAEA VERMOUTH ROSSO:<\/strong> Trockenes Erdbeerrot im Glas. Man wird von einem bet\u00f6renden Duft von Salbei, Zimtstangen, Anis und s\u00fc\u00df-saurer Kirsche empfangen. Ein Schwenken des Glases und ein weiterer tiefer Atemzug und der Rosso enth\u00fcllt D\u00fcfte von Rosenbl\u00e4ttern und einer bl\u00fchenden rosa Rose. Am Gaumen zeigt der Rosso eine wunderbare Geschmackskombination aus Zitrusfr\u00fcchten, roten Feigen, Kirsche und saurem Apfel. W\u00fcrzige Komponenten von Anis und Gew\u00fcrznelke verleihen den Fruchtkomponenten Struktur und Sch\u00e4rfe, und ein gut komponiertes Tannin und die S\u00e4ure roter Grapefruit besiegeln das spektakul\u00e4re Schauspiel.<\/p>\n","protected":false},"excerpt":{"rendered":"<p>Limitierte Auflage Kleine Charge aus sorgf\u00e4ltig ausgew\u00e4hltem Aglaea-Wein &nbsp; &#8211; Hergestellt ausschliesslich mit Wein der Tenuta di Aglaea &#8211; Nur nat\u00fcrliche Aromen &#8211; Grossartig in Cocktails &#8211; Exquisit f\u00fcr sich allein &nbsp; Wenn das Sch\u00fctteln von Cocktails eine Frage des Stolzes ist! &nbsp; AGLAEA VERMOUTH DRY: Helles Holunderbl\u00fctengelb im Glas. Bet\u00f6rende Ingwernoten &#8211; ein Hauch [&hellip;]<\/p>\n","protected":false},"author":3,"featured_media":0,"parent":67,"menu_order":80,"comment_status":"open","ping_status":"closed","template":"sub-prodotti.php","meta":[],"_links":{"self":[{"href":"https:\/\/www.tenutadiaglaea.com\/de\/wp-json\/wp\/v2\/pages\/1482"}],"collection":[{"href":"https:\/\/www.tenutadiaglaea.com\/de\/wp-json\/wp\/v2\/pages"}],"about":[{"href":"https:\/\/www.tenutadiaglaea.com\/de\/wp-json\/wp\/v2\/types\/page"}],"author":[{"embeddable":true,"href":"https:\/\/www.tenutadiaglaea.com\/de\/wp-json\/wp\/v2\/users\/3"}],"replies":[{"embeddable":true,"href":"https:\/\/www.tenutadiaglaea.com\/de\/wp-json\/wp\/v2\/comments?post=1482"}],"version-history":[{"count":2,"href":"https:\/\/www.tenutadiaglaea.com\/de\/wp-json\/wp\/v2\/pages\/1482\/revisions"}],"predecessor-version":[{"id":1496,"href":"https:\/\/www.tenutadiaglaea.com\/de\/wp-json\/wp\/v2\/pages\/1482\/revisions\/1496"}],"up":[{"embeddable":true,"href":"https:\/\/www.tenutadiaglaea.com\/de\/wp-json\/wp\/v2\/pages\/67"}],"wp:attachment":[{"href":"https:\/\/www.tenutadiaglaea.com\/de\/wp-json\/wp\/v2\/media?parent=1482"}],"curies":[{"name":"wp","href":"https:\/\/api.w.org\/{rel}","templated":true}]}}